{"id":178,"date":"2016-09-12T09:08:40","date_gmt":"2016-09-12T09:08:40","guid":{"rendered":"http:\/\/beta.luyanna.com\/es\/biographie\/"},"modified":"2022-06-24T12:40:37","modified_gmt":"2022-06-24T12:40:37","slug":"biografia","status":"publish","type":"page","link":"http:\/\/www.luyanna.com\/es\/biografia\/","title":{"rendered":"Biograf\u00eda"},"content":{"rendered":"<p>LUYANNA significa \u201cLluvia que cae\u201d en amerindio, lusitano naci\u00f3 en 1989 en Par\u00eds; Apasionado por la cultura nativa americana y la m\u00fasica latina. Cantautor, graduado del \u201cStudio International des Arts de la sc\u00e8ne\u201d en Par\u00eds. Canto, baile y comedia, en 2010, r\u00e1pidamente ser\u00e1 notada por los productores \u201cFaouze &amp; Fabrice\u201d del \u00e9xito mundial en el multipremiado \u201cDanza Kuduro\u201d BO del \u00e9xito de taquilla Fast &amp; Furious 5.<\/p>\n<p>Despu\u00e9s de algunos sencillos, en 2013 comenz\u00f3 una serie de \u00e9xitos y dueto internacional, Luyanna colabora con el artista latinoamericano \u201cPAPY SANCHEZ\u201d en el t\u00edtulo ENAMORAME que ser\u00e1 el n\u00famero 1 en las listas. Copa mundial de f\u00fatbol 2014 en Brezil, Luyanna firmar\u00e1 para UNIVERSAL MUSIC el proyecto del \u00e1lbum \u201cDACAO\u201d que lanzar\u00e1 el \u00e9xito internacional \u201cOutro Lougar\u201d.<\/p>\n<p>2015, Luyanna compone y escribe el \u00e9xito \u201cWalilowelela\u201d a d\u00fao con MAMPI \u201cMulti-Afican Awards\u201d, t\u00edtulo que ser\u00e1 el himno de la Copa Africana de Naciones \u201cCAN\u201d 2015<\/p>\n<p>LUYANNA conoce al \u00faltimo DINOSAURIO del POP INTERNACIONAL \u201cBOBBY KIMBALL\u201d l\u00edder de voz de la legendaria banda TOTO. En 1983 el t\u00edtulo AFRICA ser\u00e1 N\u00b01 Worldwide y m\u00e1s de 40 millones de discos vendidos, RECOMPENSADO CON 7 PREMIOS GRAMMY, BOBBY KIMBALL cae bajo el hechizo de la voz de la BOMBA LATINA LUYANNA, nacer\u00e1 un d\u00fao en una nueva versi\u00f3n del t\u00edtulo AFRICA cuyo videoclip dirigido y rodado \u00edntegramente en ambientaci\u00f3n natural en T\u00daNEZ por LEWIS MARTIN (canadiense).<\/p>\n<p>2016 En concierto en MIAMI FLORIDA, Luyanna conoce y colabora con Farruko, fen\u00f3meno musical de 24 a\u00f1os del momento en ESTADOS UNIDOS, artista en ascenso a los m\u00faltiples premios Latin Billboards. Luyanna &amp; Farruko grabar\u00e1 el t\u00edtulo \u201cSU MIRADA\u201d en los m\u00edticos estudios \u201cMARS MIAMI SUDIO\u201d. Luyanna &amp; Farruko se re\u00fanen en M\u00f3naco donde La Riviera Francesa ser\u00e1 el escenario para el rodaje del videoclip, dirigido por el<br \/>\ndirector canadiense LEWIS MARTIN, Luyanna &amp; Farruko<\/p>\n<p>Los productores de 2022 Faouze &amp; Fabrice deciden hacer un remix y colaboran con los estudios MEDYLANDIA en TORONTO (Canad\u00e1) Medylandia director y DJ de origen dominicano, SU MIRADA 2022 est\u00e1 dando para ser un \u00e9xito del verano; Lanzamiento mundial del grupo musical Yanis records &amp; Universal el 10 de junio de 2022<\/p>\n","protected":false},"excerpt":{"rendered":"<p>LUYANNA significa \u201cLluvia que cae\u201d en amerindio, lusitano naci\u00f3 en 1989 en Par\u00eds; Apasionado por la cultura nativa americana y la m\u00fasica latina. Cantautor, graduado del \u201cStudio International des Arts de la sc\u00e8ne\u201d en Par\u00eds. Canto, baile y comedia, en&#8230; <span class=\"read-more\"><a href=\"http:\/\/www.luyanna.com\/es\/biografia\/\">Lire l&#8217;article<\/a><\/span><\/p>\n","protected":false},"author":1,"featured_media":0,"parent":0,"menu_order":0,"comment_status":"closed","ping_status":"closed","template":"","meta":[],"_links":{"self":[{"href":"http:\/\/www.luyanna.com\/es\/wp-json\/wp\/v2\/pages\/178"}],"collection":[{"href":"http:\/\/www.luyanna.com\/es\/wp-json\/wp\/v2\/pages"}],"about":[{"href":"http:\/\/www.luyanna.com\/es\/wp-json\/wp\/v2\/types\/page"}],"author":[{"embeddable":true,"href":"http:\/\/www.luyanna.com\/es\/wp-json\/wp\/v2\/users\/1"}],"replies":[{"embeddable":true,"href":"http:\/\/www.luyanna.com\/es\/wp-json\/wp\/v2\/comments?post=178"}],"version-history":[{"count":5,"href":"http:\/\/www.luyanna.com\/es\/wp-json\/wp\/v2\/pages\/178\/revisions"}],"predecessor-version":[{"id":291,"href":"http:\/\/www.luyanna.com\/es\/wp-json\/wp\/v2\/pages\/178\/revisions\/291"}],"wp:attachment":[{"href":"http:\/\/www.luyanna.com\/es\/wp-json\/wp\/v2\/media?parent=178"}],"curies":[{"name":"wp","href":"https:\/\/api.w.org\/{rel}","templated":true}]}}